{"id":308,"date":"2025-05-20T02:53:22","date_gmt":"2025-05-19T19:53:22","guid":{"rendered":"https:\/\/gatlee.vn\/?post_type=product&#038;p=308"},"modified":"2026-04-03T09:03:16","modified_gmt":"2026-04-03T02:03:16","slug":"binh-nuoc-giu-nhiet-inox-316l-cao-cap","status":"publish","type":"product","link":"https:\/\/gatlee.vn\/?product=binh-nuoc-giu-nhiet-inox-316l-cao-cap","title":{"rendered":"B\u00ccNH N\u01af\u1edaC GI\u1eee NHI\u1ec6T INOX 316L CAO C\u1ea4P"},"content":{"rendered":"<p class=\"QN2lPu\">Ph\u00edch n\u01b0\u1edbc gi\u1eef nhi\u1ec7t Gatlee 1200ml s\u1eed d\u1ee5ng th\u00e9p kh\u00f4ng g\u1ec9 316 c\u00f3 ch\u1ea5t l\u01b0\u1ee3ng cao nh\u1eb1m \u0111\u1ea3m b\u1ea3o v\u1ec7 sinh an to\u00e0n cho ng\u01b0\u1eddi s\u1eed d\u1ee5ng v\u00e0 kh\u1ea3 n\u0103ng gi\u1eef nhi\u1ec7t \u0111\u01b0\u1ee3c t\u1ed1t h\u01a1n c\u00e1c d\u00f2ng b\u00ecnh s\u1eed d\u1ee5ng thu\u1ef7 tinh th\u00f4ng th\u01b0\u1eddng, do c\u1ea5u t\u1ea1o ho\u00e0n to\u00e0n t\u1eeb th\u00e9p kh\u00f4ng g\u1ec9 c\u1ea3 b\u00ean trong v\u00e0 b\u00ean ngo\u00e0i n\u00ean s\u1ebd h\u1ea1n ch\u1ebf nhi\u1ec1u v\u1ec1 t\u00ecnh tr\u1ea1ng va \u0111\u1eadp g\u00e2y b\u1ec3, v\u1ee1 l\u00f5i b\u00ean trong nh\u01b0 c\u00e1c d\u00f2ng l\u00f5i thu\u1ef7 tinh th\u00f4ng th\u01b0\u1eddng. Ph\u00edch n\u01b0\u1edbc gi\u1eef nhi\u1ec7t Gatlee ho\u00e0n to\u00e0n \u0111\u00e1p d\u1ee9ng \u0111\u01b0\u1ee3c c\u00e1c nhu c\u1ea7u c\u1ea7n di \u0111\u1ed9ng c\u1ee7a ng\u01b0\u1eddi s\u1eed d\u1ee5ng nh\u01b0 Camping, leo n\u00fai, th\u1ec3 thao, \u0111i l\u00e0m, picnic\u2026. V\u1edbi th\u1eddi gian l\u01b0u gi\u1eef l\u00ean \u0111\u1ebfn 24h \u1ea5n t\u01b0\u1ee3ng. Thi\u1ebft k\u1ebf l\u01b0\u1edbi l\u1ecdc v\u00e0 n\u1eafp nh\u1ef1a PP ch\u1ed1ng tr\u00e0o tinh t\u1ebf.<\/p>\n<p class=\"QN2lPu\">B\u1ea3o qu\u1ea3n v\u00e0 s\u1eed d\u1ee5ng<\/p>\n<p class=\"QN2lPu\">H\u00e3y lu\u00f4n b\u1ea3o qu\u1ea3n v\u00e0 s\u1eed d\u1ee5ng theo h\u01b0\u1edbng d\u1eabn.<\/p>\n<p class=\"QN2lPu\">&#8211; B\u1ea3o qu\u1ea3n n\u01a1i kh\u00f4 r\u00e1o tr\u00e1nh nhi\u1ec7t \u0111\u1ed9 cao<\/p>\n<p class=\"QN2lPu\">&#8211; Ch\u1ec9 s\u1eed d\u1ee5ng \u0111\u1ef1ng n\u01b0\u1edbc ho\u1eb7c tr\u00e0, tr\u00e1nh \u0111\u1ef1ng c\u00e1c lo\u1ea1i s\u1eefa, coffe trong th\u1eddi gian qu\u00e1 l\u00e2u ( d\u01b0\u1edbi 48h )<\/p>\n<p class=\"QN2lPu\">L\u01b0u \u00fd<\/p>\n<p class=\"QN2lPu\">&#8211; Lu\u00f4n ki\u1ec3m tra n\u1eafp \u0111\u1eady \u0111\u00e3 \u0111\u01b0\u1ee3c \u0111\u00f3ng k\u00edn tr\u01b0\u1edbc khi s\u1eed d\u1ee5ng.<\/p>\n<p class=\"QN2lPu\">Ch\u00ednh s\u00e1ch b\u1ea3o h\u00e0nh v\u00e0 \u0111\u1ed5i tr\u1ea3<\/p>\n<p class=\"QN2lPu\">Gatlee Vi\u1ec7t Nam c\u1ea3m \u01a1n c\u00e1c b\u1ea1n \u0111\u00e3 quan t\u00e2m v\u00e0 s\u1eed d\u1ee5ng c\u00e1c s\u1ea3n ph\u1ea9m c\u1ee7a Gatlee.<\/p>\n<p class=\"QN2lPu\">Gatlee s\u1ebd ch\u1ecbu ho\u00e0n to\u00e0n tr\u00e1ch nhi\u1ec7m v\u00e0 chi ph\u00ed \u0111\u1ed5i m\u1edbi khi s\u1ea3n ph\u1ea9m c\u00f3 l\u1ed7i s\u1ea3n xu\u1ea5t nh\u01b0 : Ngo\u1ea1i h\u00ecnh kh\u00f4ng gi\u1ed1ng m\u00f4 t\u1ea3, m\u00f3p m\u00e9o, v\u1ee1 h\u1ecfng do s\u1ea3n xu\u1ea5t ho\u1eb7c c\u00e1c l\u1ed7i do \u0111\u00f3ng g\u00f3i nh\u01b0 Nh\u1ea7m m\u1eabu, m\u00e0u, thi\u1ebfu linh ki\u1ec7n ho\u1eb7c kh\u00f4ng \u0111\u1ee7 h\u00e0ng.<\/p>\n<p class=\"QN2lPu\">Gatlee s\u1ebd kh\u00f4ng ch\u1ecbu tr\u00e1ch nhi\u1ec7m v\u1edbi c\u00e1c tr\u01b0\u1eddng h\u1ee3p sau : L\u1ed7i do ng\u01b0\u1eddi s\u1eed d\u1ee5ng, kh\u00f4ng s\u1eed d\u1ee5ng, b\u1ea3o qu\u1ea3n \u0111\u00fang theo h\u01b0\u1edbng d\u1eabn, \u0111\u1ed5 v\u1ee1, ch\u1eadp ch\u00e1y\u2026 do ng\u01b0\u1eddi s\u1eed d\u1ee5ng.<\/p>\n<p class=\"QN2lPu\">Tuy nhi\u00ean Gatlee s\u1ebd h\u1ed7 tr\u1ee3 s\u1eeda ch\u1eefa n\u1ebfu kh\u00e1ch h\u00e0ng c\u00f3 nhu c\u1ea7u s\u1eeda ch\u1eefa c\u00f3 t\u00ednh ph\u00ed.<\/p>\n<p class=\"QN2lPu\">C\u00e1c tr\u01b0\u1eddng h\u1ee3p do v\u1eadn chuy\u1ec3n g\u00e2y ra nh\u01b0 v\u1ee1, h\u1ecfng\u2026 kh\u00e1ch h\u00e0ng vui l\u00f2ng quay video khi khui h\u00e0ng \u0111\u1ec3 l\u00e0m b\u1eb1ng ch\u1ee9ng ( theo quy \u0111\u1ecbnh c\u1ee7a s\u00e0n ) \u0111\u1ec3 \u0111\u01b0\u1ee3c \u0111\u1ec1n b\u00f9 tho\u1ea3 \u0111\u00e1ng.<\/p>\n<p class=\"QN2lPu\">Li\u00ean h\u1ec7<\/p>\n<p class=\"QN2lPu\">C\u00f4ng ty TNHH Gatlee Vi\u1ec7t Nam.<\/p>\n","protected":false},"excerpt":{"rendered":"<p class=\"QN2lPu\">Th\u00f4ng tin v\u1ec1 s\u1ea3n ph\u1ea9m<br \/>\nT\u00ean : Ph\u00edch n\u01b0\u1edbc gi\u1eef nhi\u1ec7t Gatlee<br \/>\nCh\u1ea5t li\u1ec7u :<br \/>\nNh\u1ef1a an to\u00e0n PP, Sus304, Sus316, ABS<br \/>\nK\u00edch th\u01b0\u1edbc : 277x102mm<br \/>\nDung t\u00edch : 1200ml<br \/>\nTr\u1ecdng l\u01b0\u1ee3ng : 633g<br \/>\nM\u00e0u s\u1eafc : Tr\u1eafng<br \/>\n\u1ee8ng d\u1ee5ng : L\u01b0u gi\u1eef ch\u1ea5t l\u1ecfng<br \/>\nS\u1ed1 hi\u1ec7u : GVA1A-1WHN3B<\/p>\n","protected":false},"featured_media":107,"comment_status":"open","ping_status":"closed","template":"","meta":{"site-sidebar-layout":"default","site-content-layout":"","ast-site-content-layout":"default","site-content-style":"default","site-sidebar-style":"default","ast-global-header-display":"","ast-banner-title-visibility":"","ast-main-header-display":"","ast-hfb-above-header-display":"","ast-hfb-below-header-display":"","ast-hfb-mobile-header-display":"","site-post-title":"","ast-breadcrumbs-content":"","ast-featured-img":"","footer-sml-layout":"","ast-disable-related-posts":"","theme-transparent-header-meta":"disabled","adv-header-id-meta":"","stick-header-meta":"","header-above-stick-meta":"","header-main-stick-meta":"","header-below-stick-meta":"","astra-migrate-meta-layouts":"set","ast-page-background-enabled":"default","ast-page-background-meta":{"desktop":{"background-color":"var(--ast-global-color-5)","background-image":"","background-repeat":"repeat","background-position":"center center","background-size":"auto","background-attachment":"scroll","background-type":"","background-media":"","overlay-type":"","overlay-color":"","overlay-opacity":"","overlay-gradient":""},"tablet":{"background-color":"","background-image":"","background-repeat":"repeat","background-position":"center center","background-size":"auto","background-attachment":"scroll","background-type":"","background-media":"","overlay-type":"","overlay-color":"","overlay-opacity":"","overlay-gradient":""},"mobile":{"background-color":"","background-image":"","background-repeat":"repeat","background-position":"center center","background-size":"auto","background-attachment":"scroll","background-type":"","background-media":"","overlay-type":"","overlay-color":"","overlay-opacity":"","overlay-gradient":""}},"ast-content-background-meta":{"desktop":{"background-color":"var(--ast-global-color-4)","background-image":"","background-repeat":"repeat","background-position":"center center","background-size":"auto","background-attachment":"scroll","background-type":"","background-media":"","overlay-type":"","overlay-color":"","overlay-opacity":"","overlay-gradient":""},"tablet":{"background-color":"var(--ast-global-color-4)","background-image":"","background-repeat":"repeat","background-position":"center center","background-size":"auto","background-attachment":"scroll","background-type":"","background-media":"","overlay-type":"","overlay-color":"","overlay-opacity":"","overlay-gradient":""},"mobile":{"background-color":"var(--ast-global-color-4)","background-image":"","background-repeat":"repeat","background-position":"center center","background-size":"auto","background-attachment":"scroll","background-type":"","background-media":"","overlay-type":"","overlay-color":"","overlay-opacity":"","overlay-gradient":""}}},"product_brand":[21],"product_cat":[29],"product_tag":[],"class_list":{"0":"post-308","1":"product","2":"type-product","3":"status-publish","4":"has-post-thumbnail","6":"product_brand-gatlee","7":"product_cat-binh-giu-nhiet","8":"desktop-align-left","9":"tablet-align-left","10":"mobile-align-left","12":"first","13":"instock","14":"shipping-taxable","15":"purchasable","16":"product-type-variable"},"jetpack_sharing_enabled":true,"_links":{"self":[{"href":"https:\/\/gatlee.vn\/index.php?rest_route=\/wp\/v2\/product\/308","targetHints":{"allow":["GET"]}}],"collection":[{"href":"https:\/\/gatlee.vn\/index.php?rest_route=\/wp\/v2\/product"}],"about":[{"href":"https:\/\/gatlee.vn\/index.php?rest_route=\/wp\/v2\/types\/product"}],"replies":[{"embeddable":true,"href":"https:\/\/gatlee.vn\/index.php?rest_route=%2Fwp%2Fv2%2Fcomments&post=308"}],"wp:featuredmedia":[{"embeddable":true,"href":"https:\/\/gatlee.vn\/index.php?rest_route=\/wp\/v2\/media\/107"}],"wp:attachment":[{"href":"https:\/\/gatlee.vn\/index.php?rest_route=%2Fwp%2Fv2%2Fmedia&parent=308"}],"wp:term":[{"taxonomy":"product_brand","embeddable":true,"href":"https:\/\/gatlee.vn\/index.php?rest_route=%2Fwp%2Fv2%2Fproduct_brand&post=308"},{"taxonomy":"product_cat","embeddable":true,"href":"https:\/\/gatlee.vn\/index.php?rest_route=%2Fwp%2Fv2%2Fproduct_cat&post=308"},{"taxonomy":"product_tag","embeddable":true,"href":"https:\/\/gatlee.vn\/index.php?rest_route=%2Fwp%2Fv2%2Fproduct_tag&post=308"}],"curies":[{"name":"wp","href":"https:\/\/api.w.org\/{rel}","templated":true}]}}