{"id":119,"date":"2025-05-19T15:39:01","date_gmt":"2025-05-19T08:39:01","guid":{"rendered":"https:\/\/gatlee.vn\/?post_type=product&#038;p=119"},"modified":"2025-05-20T19:31:28","modified_gmt":"2025-05-20T12:31:28","slug":"hop-com-giu-nhiet-vuong-cao-cap","status":"publish","type":"product","link":"https:\/\/gatlee.vn\/?product=hop-com-giu-nhiet-vuong-cao-cap","title":{"rendered":"H\u1ed8P C\u01a0M GI\u1eee NHI\u1ec6T VU\u00d4NG CAO C\u1ea4P 2.1L"},"content":{"rendered":"<p class=\"QN2lPu\">H\u1ed9p c\u01a1m gi\u1eef nhi\u1ec7t Gatlee l\u00e0 ng\u01b0\u1eddi b\u1ea1n \u0111\u1ed3ng h\u00e0nh \u0111\u00e1ng tin c\u1eady khi \u0111\u01b0\u1ee3c c\u1ea5u t\u1ea1o t\u1eeb nh\u1ef1a an to\u00e0n 05 ( PP ) v\u00e0 th\u00e9p kh\u00f4ng g\u1ec9 304 ch\u1ed1ng \u0103n m\u00f2n, s\u1ebd lu\u00f4n \u0111em l\u1ea1i an to\u00e0n t\u1ed1t nh\u1ea5t d\u00e0nh cho b\u1ea1n, ngo\u00e0i ra thi\u1ebft k\u1ebf c\u00f3 th\u1ec3 th\u00e1o l\u1eafp tu\u1ef3 ch\u1ec9nh c\u00e1c ph\u1ea7n ch\u1ee9a th\u1ef1c ph\u1ea9m gi\u00fap ti\u1ebft ki\u1ec7m h\u01a1n cho nhu c\u1ea7u th\u1ef1c t\u1ebf c\u1ee7a m\u1ed7i ng\u01b0\u1eddi. V\u1edbi 3 l\u1edbp c\u00e1ch nhi\u1ec7t s\u1ebd gi\u00fap b\u1ea3o qu\u1ea3n nhi\u1ec7t \u0111\u1ed9 c\u1ee7a th\u1ef1c ph\u1ea9m lu\u00f4n \u1edf tr\u1ea1ng th\u00e1i t\u1ed1t nh\u1ea5t hi\u1ec7u qu\u1ea3 3-4 gi\u1edd \u0111\u1ed3ng h\u1ed3. H\u1ed9p c\u01a1m gi\u1eef nhi\u1ec7t Gatlee ph\u00f9 h\u1ee3p v\u1edbi Gi\u00e1o vi\u00ean, h\u1ecdc sinh, sinh vi\u00ean, ng\u01b0\u1eddi \u0111i l\u00e0m\u2026do \u0111\u1eb7c th\u00f9 c\u00f4ng vi\u1ec7c kh\u00f4ng c\u00f3 nhi\u1ec1u th\u1eddi gian \u0111\u1ec3 c\u00f3 th\u1ec3 n\u1ea5u n\u01b0\u1edbng. Nh\u1eefng gia \u0111\u00ecnh mu\u1ed1n t\u1ef1 n\u1ea5u c\u01a1m nh\u1eb1m \u0111\u1ea3m b\u1ea3o v\u1ec7 sinh an to\u00e0n th\u1ef1c ph\u1ea9m, ho\u1eb7c ch\u1ec9 \u0111\u01a1n gi\u1ea3n l\u00e0 mu\u1ed1n t\u1ed1i gi\u1ea3n chi ph\u00ed trong b\u1ed1i c\u1ea3nh kinh t\u1ebf kh\u00f4ng \u1ed5n \u0111\u1ecbnh.<\/p>\n<p class=\"QN2lPu\">B\u1ea3o qu\u1ea3n v\u00e0 s\u1eed d\u1ee5ng<\/p>\n<p class=\"QN2lPu\">H\u00e3y lu\u00f4n b\u1ea3o qu\u1ea3n v\u00e0 s\u1eed d\u1ee5ng H\u1ed9p c\u01a1m gi\u1eef nhi\u1ec7t Gatlee theo h\u01b0\u1edbng d\u1eabn.<\/p>\n<p class=\"QN2lPu\">&#8211; C\u00f3 th\u1ec3 th\u00e1o r\u1eddi ph\u1ea7n nh\u1ef1a v\u00e0 inox \u0111\u1ec3 ch\u00e2m th\u00eam n\u01b0\u1edbc n\u00f3ng nh\u1eb1m t\u0103ng th\u1eddi gian gi\u1eef nhi\u1ec7t ho\u1eb7c d\u1ec5 d\u00e0ng v\u1ec7 sinh.<\/p>\n<p class=\"QN2lPu\">&#8211; Lu\u00f4n ki\u1ec3m tra k\u1ef9 c\u00e1c kh\u1edbp n\u1ed1i t\u1ea7ng v\u1edbi nhau tr\u01b0\u1edbc khi s\u1eed d\u1ee5ng tr\u00e1nh b\u1ecb \u0111\u1ed5 khi g\u00e0i kh\u1edbp ch\u01b0a ch\u00ednh x\u00e1c.<\/p>\n<p class=\"QN2lPu\">&#8211; H\u00e3y lu\u00f4n v\u1ec7 sinh l\u00e0m s\u1ea1ch v\u00e0 ph\u01a1i kh\u00f4 khi kh\u00f4ng s\u1eed d\u1ee5ng tr\u00e1nh \u0111\u1ec3 th\u1ef1c ph\u1ea9m qu\u00e1 l\u00e2u trong h\u1ed9p c\u01a1m g\u00e2y m\u00f9i kh\u00f3 ch\u1ecbu cho l\u1ea7n s\u1eed d\u1ee5ng k\u1ebf ti\u1ebfp.<\/p>\n<p class=\"QN2lPu\">&#8211; N\u00ean s\u1eed d\u1ee5ng k\u00e8m t\u00fai gi\u1eef nhi\u1ec7t \u0111\u1ec3 t\u0103ng hi\u1ec7u qu\u1ea3 l\u01b0u gi\u1eef \u0111\u01b0\u1ee3c l\u00e2u th\u00eam 1-2 gi\u1edd<\/p>\n<p class=\"QN2lPu\">&#8211; Tr\u00e1nh s\u1eed d\u1ee5ng trong l\u00f2 vi s\u00f3ng ho\u1eb7c n\u01a1i c\u00f3 nhi\u1ec7t \u0111\u1ed9 cao.<\/p>\n<p class=\"QN2lPu\">L\u01b0u \u00fd<\/p>\n<p class=\"QN2lPu\">&#8211; Kh\u00f4ng \u0111\u1ec3 th\u1ee9c \u0103n d\u01b0 trong h\u1ed9p qu\u00e1 24h<\/p>\n<p class=\"QN2lPu\">&#8211; Nh\u1ef1a PP c\u00f3 th\u1ec3 ch\u1ecbu trong l\u00f2 vi s\u00f3ng tuy nhi\u00ean kh\u00f4ng khuy\u1ebfn kh\u00edch s\u1eed d\u1ee5ng trong l\u00f2 vi s\u00f3ng tr\u00e1nh tai n\u1ea1n kh\u00f4ng \u0111\u00e1ng c\u00f3.<\/p>\n<p class=\"QN2lPu\">Ch\u00ednh s\u00e1ch b\u1ea3o h\u00e0nh v\u00e0 \u0111\u1ed5i tr\u1ea3<\/p>\n<p class=\"QN2lPu\">Gatlee Vi\u1ec7t Nam c\u1ea3m \u01a1n c\u00e1c b\u1ea1n \u0111\u00e3 quan t\u00e2m v\u00e0 s\u1eed d\u1ee5ng c\u00e1c s\u1ea3n ph\u1ea9m c\u1ee7a Gatlee.<\/p>\n<p class=\"QN2lPu\">Gatlee s\u1ebd ch\u1ecbu ho\u00e0n to\u00e0n tr\u00e1ch nhi\u1ec7m v\u00e0 chi ph\u00ed \u0111\u1ed5i m\u1edbi khi s\u1ea3n ph\u1ea9m c\u00f3 l\u1ed7i s\u1ea3n xu\u1ea5t nh\u01b0 : Ngo\u1ea1i h\u00ecnh kh\u00f4ng gi\u1ed1ng m\u00f4 t\u1ea3, m\u00f3p m\u00e9o, v\u1ee1 h\u1ecfng do s\u1ea3n xu\u1ea5t ho\u1eb7c c\u00e1c l\u1ed7i do \u0111\u00f3ng g\u00f3i nh\u01b0 Nh\u1ea7m m\u1eabu, m\u00e0u, thi\u1ebfu linh ki\u1ec7n ho\u1eb7c kh\u00f4ng \u0111\u1ee7 h\u00e0ng.<\/p>\n<p class=\"QN2lPu\">Gatlee s\u1ebd kh\u00f4ng ch\u1ecbu tr\u00e1ch nhi\u1ec7m v\u1edbi c\u00e1c tr\u01b0\u1eddng h\u1ee3p sau : L\u1ed7i do ng\u01b0\u1eddi s\u1eed d\u1ee5ng, kh\u00f4ng s\u1eed d\u1ee5ng, b\u1ea3o qu\u1ea3n \u0111\u00fang theo h\u01b0\u1edbng d\u1eabn, \u0111\u1ed5 v\u1ee1, ch\u1eadp ch\u00e1y\u2026 do ng\u01b0\u1eddi s\u1eed d\u1ee5ng.<\/p>\n<p class=\"QN2lPu\">Tuy nhi\u00ean Gatlee s\u1ebd h\u1ed7 tr\u1ee3 s\u1eeda ch\u1eefa n\u1ebfu kh\u00e1ch h\u00e0ng c\u00f3 nhu c\u1ea7u s\u1eeda ch\u1eefa c\u00f3 t\u00ednh ph\u00ed.<\/p>\n<p class=\"QN2lPu\">C\u00e1c tr\u01b0\u1eddng h\u1ee3p do v\u1eadn chuy\u1ec3n g\u00e2y ra nh\u01b0 v\u1ee1, h\u1ecfng\u2026 kh\u00e1ch h\u00e0ng vui l\u00f2ng quay video khi khui h\u00e0ng \u0111\u1ec3 l\u00e0m b\u1eb1ng ch\u1ee9ng ( theo quy \u0111\u1ecbnh c\u1ee7a s\u00e0n ) \u0111\u1ec3 \u0111\u01b0\u1ee3c \u0111\u1ec1n b\u00f9 tho\u1ea3 \u0111\u00e1ng.<\/p>\n<p class=\"QN2lPu\">Li\u00ean h\u1ec7<\/p>\n<p class=\"QN2lPu\">C\u00f4ng ty TNHH Gatlee Vi\u1ec7t Nam.<\/p>\n","protected":false},"excerpt":{"rendered":"<p class=\"QN2lPu\">Th\u00f4ng tin v\u1ec1 s\u1ea3n ph\u1ea9m<br \/>\nT\u00ean : H\u1ed9p c\u01a1m gi\u1eef nhi\u1ec7t 3 t\u1ea7ng<br \/>\nCh\u1ea5t li\u1ec7u : nh\u1ef1a an to\u00e0n PP, inox 304<br \/>\nK\u00edch th\u01b0\u1edbc : 125x125x190mm<br \/>\nDung t\u00edch : 2100ml<br \/>\nTr\u1ecdng l\u01b0\u1ee3ng : 780g<br \/>\nM\u00e0u s\u1eafc : Be &#8211; N\u00e2u<br \/>\n\u1ee8ng d\u1ee5ng : L\u01b0u tr\u1eef th\u1ef1c ph\u1ea9m<br \/>\nS\u1ed1 hi\u1ec7u : 1BR14B<\/p>\n","protected":false},"featured_media":214,"comment_status":"closed","ping_status":"closed","template":"","meta":{"site-sidebar-layout":"default","site-content-layout":"","ast-site-content-layout":"default","site-content-style":"default","site-sidebar-style":"default","ast-global-header-display":"","ast-banner-title-visibility":"","ast-main-header-display":"","ast-hfb-above-header-display":"","ast-hfb-below-header-display":"","ast-hfb-mobile-header-display":"","site-post-title":"","ast-breadcrumbs-content":"","ast-featured-img":"","footer-sml-layout":"","ast-disable-related-posts":"","theme-transparent-header-meta":"disabled","adv-header-id-meta":"","stick-header-meta":"","header-above-stick-meta":"","header-main-stick-meta":"","header-below-stick-meta":"","astra-migrate-meta-layouts":"set","ast-page-background-enabled":"default","ast-page-background-meta":{"desktop":{"background-color":"var(--ast-global-color-5)","background-image":"","background-repeat":"repeat","background-position":"center center","background-size":"auto","background-attachment":"scroll","background-type":"","background-media":"","overlay-type":"","overlay-color":"","overlay-opacity":"","overlay-gradient":""},"tablet":{"background-color":"","background-image":"","background-repeat":"repeat","background-position":"center center","background-size":"auto","background-attachment":"scroll","background-type":"","background-media":"","overlay-type":"","overlay-color":"","overlay-opacity":"","overlay-gradient":""},"mobile":{"background-color":"","background-image":"","background-repeat":"repeat","background-position":"center center","background-size":"auto","background-attachment":"scroll","background-type":"","background-media":"","overlay-type":"","overlay-color":"","overlay-opacity":"","overlay-gradient":""}},"ast-content-background-meta":{"desktop":{"background-color":"var(--ast-global-color-4)","background-image":"","background-repeat":"repeat","background-position":"center center","background-size":"auto","background-attachment":"scroll","background-type":"","background-media":"","overlay-type":"","overlay-color":"","overlay-opacity":"","overlay-gradient":""},"tablet":{"background-color":"var(--ast-global-color-4)","background-image":"","background-repeat":"repeat","background-position":"center center","background-size":"auto","background-attachment":"scroll","background-type":"","background-media":"","overlay-type":"","overlay-color":"","overlay-opacity":"","overlay-gradient":""},"mobile":{"background-color":"var(--ast-global-color-4)","background-image":"","background-repeat":"repeat","background-position":"center center","background-size":"auto","background-attachment":"scroll","background-type":"","background-media":"","overlay-type":"","overlay-color":"","overlay-opacity":"","overlay-gradient":""}}},"product_brand":[21],"product_cat":[20],"product_tag":[22,23,24],"class_list":{"0":"post-119","1":"product","2":"type-product","3":"status-publish","4":"has-post-thumbnail","6":"product_brand-gatlee","7":"product_cat-hop-com","8":"product_tag-hopcom","9":"product_tag-hopcomgiunhiet","10":"product_tag-inox304","11":"desktop-align-left","12":"tablet-align-left","13":"mobile-align-left","15":"first","16":"instock","17":"shipping-taxable","18":"purchasable","19":"product-type-variable"},"jetpack_sharing_enabled":true,"_links":{"self":[{"href":"https:\/\/gatlee.vn\/index.php?rest_route=\/wp\/v2\/product\/119","targetHints":{"allow":["GET"]}}],"collection":[{"href":"https:\/\/gatlee.vn\/index.php?rest_route=\/wp\/v2\/product"}],"about":[{"href":"https:\/\/gatlee.vn\/index.php?rest_route=\/wp\/v2\/types\/product"}],"replies":[{"embeddable":true,"href":"https:\/\/gatlee.vn\/index.php?rest_route=%2Fwp%2Fv2%2Fcomments&post=119"}],"wp:featuredmedia":[{"embeddable":true,"href":"https:\/\/gatlee.vn\/index.php?rest_route=\/wp\/v2\/media\/214"}],"wp:attachment":[{"href":"https:\/\/gatlee.vn\/index.php?rest_route=%2Fwp%2Fv2%2Fmedia&parent=119"}],"wp:term":[{"taxonomy":"product_brand","embeddable":true,"href":"https:\/\/gatlee.vn\/index.php?rest_route=%2Fwp%2Fv2%2Fproduct_brand&post=119"},{"taxonomy":"product_cat","embeddable":true,"href":"https:\/\/gatlee.vn\/index.php?rest_route=%2Fwp%2Fv2%2Fproduct_cat&post=119"},{"taxonomy":"product_tag","embeddable":true,"href":"https:\/\/gatlee.vn\/index.php?rest_route=%2Fwp%2Fv2%2Fproduct_tag&post=119"}],"curies":[{"name":"wp","href":"https:\/\/api.w.org\/{rel}","templated":true}]}}