{"id":205,"date":"2025-05-19T20:08:06","date_gmt":"2025-05-19T13:08:06","guid":{"rendered":"https:\/\/gatlee.vn\/?page_id=205"},"modified":"2025-05-20T16:56:26","modified_gmt":"2025-05-20T09:56:26","slug":"trang-chu","status":"publish","type":"page","link":"https:\/\/gatlee.vn\/","title":{"rendered":"TRANG CH\u1ee6"},"content":{"rendered":"\t\t<div data-elementor-type=\"wp-page\" data-elementor-id=\"205\" class=\"elementor elementor-205\">\n\t\t\t\t<div class=\"elementor-element elementor-element-d4aae66 e-grid e-con-boxed e-con e-parent\" data-id=\"d4aae66\" data-element_type=\"container\" data-e-type=\"container\">\n\t\t\t\t\t<div class=\"e-con-inner\">\n\t\t\t\t<div class=\"elementor-element elementor-element-de0ac38 elementor-widget elementor-widget-spacer\" data-id=\"de0ac38\" data-element_type=\"widget\" data-e-type=\"widget\" data-widget_type=\"spacer.default\">\n\t\t\t\t<div class=\"elementor-widget-container\">\n\t\t\t\t\t\t\t<div class=\"elementor-spacer\">\n\t\t\t<div class=\"elementor-spacer-inner\"><\/div>\n\t\t<\/div>\n\t\t\t\t\t\t<\/div>\n\t\t\t\t<\/div>\n\t\t\t\t\t<\/div>\n\t\t\t\t<\/div>\n\t\t<div class=\"elementor-element elementor-element-2442e6a e-flex e-con-boxed e-con e-parent\" data-id=\"2442e6a\" data-element_type=\"container\" data-e-type=\"container\">\n\t\t\t\t\t<div class=\"e-con-inner\">\n\t\t\t\t<div class=\"elementor-element elementor-element-7ecdec9 elementor-widget__width-inherit elementor-widget elementor-widget-image\" data-id=\"7ecdec9\" data-element_type=\"widget\" data-e-type=\"widget\" data-widget_type=\"image.default\">\n\t\t\t\t<div class=\"elementor-widget-container\">\n\t\t\t\t\t\t\t\t\t\t\t\t\t\t\t<img fetchpriority=\"high\" decoding=\"async\" width=\"2560\" height=\"1270\" src=\"https:\/\/gatlee.vn\/wp-content\/uploads\/2025\/05\/Tieu-de-scaled-e1747674353878.jpg\" class=\"attachment-full size-full wp-image-271\" alt=\"\" srcset=\"https:\/\/gatlee.vn\/wp-content\/uploads\/2025\/05\/Tieu-de-scaled-e1747674353878.jpg 2560w, https:\/\/gatlee.vn\/wp-content\/uploads\/2025\/05\/Tieu-de-scaled-e1747674353878-300x149.jpg 300w, https:\/\/gatlee.vn\/wp-content\/uploads\/2025\/05\/Tieu-de-scaled-e1747674353878-1024x508.jpg 1024w, https:\/\/gatlee.vn\/wp-content\/uploads\/2025\/05\/Tieu-de-scaled-e1747674353878-768x381.jpg 768w, https:\/\/gatlee.vn\/wp-content\/uploads\/2025\/05\/Tieu-de-scaled-e1747674353878-1536x762.jpg 1536w, https:\/\/gatlee.vn\/wp-content\/uploads\/2025\/05\/Tieu-de-scaled-e1747674353878-2048x1016.jpg 2048w, https:\/\/gatlee.vn\/wp-content\/uploads\/2025\/05\/Tieu-de-scaled-e1747674353878-1320x655.jpg 1320w, https:\/\/gatlee.vn\/wp-content\/uploads\/2025\/05\/Tieu-de-scaled-e1747674353878-600x298.jpg 600w\" sizes=\"(max-width: 2560px) 100vw, 2560px\" \/>\t\t\t\t\t\t\t\t\t\t\t\t\t\t\t<\/div>\n\t\t\t\t<\/div>\n\t\t\t\t\t<\/div>\n\t\t\t\t<\/div>\n\t\t<div class=\"elementor-element elementor-element-4a4b6d7 e-flex e-con-boxed e-con e-parent\" data-id=\"4a4b6d7\" data-element_type=\"container\" data-e-type=\"container\">\n\t\t\t\t\t<div class=\"e-con-inner\">\n\t\t<div class=\"elementor-element elementor-element-8720de5 e-flex e-con-boxed e-con e-child\" data-id=\"8720de5\" data-element_type=\"container\" data-e-type=\"container\">\n\t\t\t\t\t<div class=\"e-con-inner\">\n\t\t\t\t<div class=\"elementor-element elementor-element-b5412af elementor-align-center elementor-widget elementor-widget-button\" data-id=\"b5412af\" data-element_type=\"widget\" data-e-type=\"widget\" data-widget_type=\"button.default\">\n\t\t\t\t<div class=\"elementor-widget-container\">\n\t\t\t\t\t\t\t\t\t<div class=\"elementor-button-wrapper\">\n\t\t\t\t\t<a class=\"elementor-button elementor-button-link elementor-size-sm\" href=\"https:\/\/gatlee.vn\/?post_type=product\">\n\t\t\t\t\t\t<span class=\"elementor-button-content-wrapper\">\n\t\t\t\t\t\t\t\t\t<span class=\"elementor-button-text\">V\u00c0O C\u1eecA H\u00c0NG<\/span>\n\t\t\t\t\t<\/span>\n\t\t\t\t\t<\/a>\n\t\t\t\t<\/div>\n\t\t\t\t\t\t\t\t<\/div>\n\t\t\t\t<\/div>\n\t\t\t\t\t<\/div>\n\t\t\t\t<\/div>\n\t\t\t\t\t<\/div>\n\t\t\t\t<\/div>\n\t\t<div class=\"elementor-element elementor-element-b5c3f32 e-grid e-con-boxed e-con e-parent\" data-id=\"b5c3f32\" data-element_type=\"container\" data-e-type=\"container\">\n\t\t\t\t\t<div class=\"e-con-inner\">\n\t\t\t\t<div class=\"elementor-element elementor-element-b488115 elementor-widget elementor-widget-image\" data-id=\"b488115\" data-element_type=\"widget\" data-e-type=\"widget\" data-widget_type=\"image.default\">\n\t\t\t\t<div class=\"elementor-widget-container\">\n\t\t\t\t\t\t\t\t\t\t\t\t\t\t\t\t<a href=\"https:\/\/gatlee.vn\/?product=binh-dun-sieu-toc-cao-cap-1500w-1-8l-cach-nhiet-2-lop\">\n\t\t\t\t\t\t\t<img decoding=\"async\" width=\"683\" height=\"1024\" src=\"https:\/\/gatlee.vn\/wp-content\/uploads\/2025\/05\/2-683x1024.jpg\" class=\"attachment-large size-large wp-image-296\" alt=\"\" srcset=\"https:\/\/gatlee.vn\/wp-content\/uploads\/2025\/05\/2-683x1024.jpg 683w, https:\/\/gatlee.vn\/wp-content\/uploads\/2025\/05\/2-200x300.jpg 200w, https:\/\/gatlee.vn\/wp-content\/uploads\/2025\/05\/2-768x1152.jpg 768w, https:\/\/gatlee.vn\/wp-content\/uploads\/2025\/05\/2-600x900.jpg 600w, https:\/\/gatlee.vn\/wp-content\/uploads\/2025\/05\/2.jpg 1000w\" sizes=\"(max-width: 683px) 100vw, 683px\" \/>\t\t\t\t\t\t\t\t<\/a>\n\t\t\t\t\t\t\t\t\t\t\t\t\t\t\t<\/div>\n\t\t\t\t<\/div>\n\t\t\t\t<div class=\"elementor-element elementor-element-a20b909 elementor-widget elementor-widget-image\" data-id=\"a20b909\" data-element_type=\"widget\" data-e-type=\"widget\" data-widget_type=\"image.default\">\n\t\t\t\t<div class=\"elementor-widget-container\">\n\t\t\t\t\t\t\t\t\t\t\t\t\t\t\t\t<a href=\"https:\/\/gatlee.vn\/?product=binh-nuoc-giu-nhiet-inox-316l-cao-cap\">\n\t\t\t\t\t\t\t<img decoding=\"async\" width=\"683\" height=\"1024\" src=\"https:\/\/gatlee.vn\/wp-content\/uploads\/2025\/05\/1-683x1024.jpg\" class=\"attachment-large size-large wp-image-298\" alt=\"\" srcset=\"https:\/\/gatlee.vn\/wp-content\/uploads\/2025\/05\/1-683x1024.jpg 683w, https:\/\/gatlee.vn\/wp-content\/uploads\/2025\/05\/1-200x300.jpg 200w, https:\/\/gatlee.vn\/wp-content\/uploads\/2025\/05\/1-768x1152.jpg 768w, https:\/\/gatlee.vn\/wp-content\/uploads\/2025\/05\/1-600x900.jpg 600w, https:\/\/gatlee.vn\/wp-content\/uploads\/2025\/05\/1.jpg 1000w\" sizes=\"(max-width: 683px) 100vw, 683px\" \/>\t\t\t\t\t\t\t\t<\/a>\n\t\t\t\t\t\t\t\t\t\t\t\t\t\t\t<\/div>\n\t\t\t\t<\/div>\n\t\t\t\t<div class=\"elementor-element elementor-element-5352fd3 elementor-widget elementor-widget-image\" data-id=\"5352fd3\" data-element_type=\"widget\" data-e-type=\"widget\" data-widget_type=\"image.default\">\n\t\t\t\t<div class=\"elementor-widget-container\">\n\t\t\t\t\t\t\t\t\t\t\t\t\t\t\t\t<a href=\"https:\/\/gatlee.vn\/?product=hop-com-giu-nhiet-vuong-cao-cap\">\n\t\t\t\t\t\t\t<img loading=\"lazy\" decoding=\"async\" width=\"683\" height=\"1024\" src=\"https:\/\/gatlee.vn\/wp-content\/uploads\/2025\/05\/3-683x1024.jpg\" class=\"attachment-large size-large wp-image-297\" alt=\"\" srcset=\"https:\/\/gatlee.vn\/wp-content\/uploads\/2025\/05\/3-683x1024.jpg 683w, https:\/\/gatlee.vn\/wp-content\/uploads\/2025\/05\/3-200x300.jpg 200w, https:\/\/gatlee.vn\/wp-content\/uploads\/2025\/05\/3-768x1152.jpg 768w, https:\/\/gatlee.vn\/wp-content\/uploads\/2025\/05\/3-600x900.jpg 600w, https:\/\/gatlee.vn\/wp-content\/uploads\/2025\/05\/3.jpg 1000w\" sizes=\"(max-width: 683px) 100vw, 683px\" \/>\t\t\t\t\t\t\t\t<\/a>\n\t\t\t\t\t\t\t\t\t\t\t\t\t\t\t<\/div>\n\t\t\t\t<\/div>\n\t\t\t\t\t<\/div>\n\t\t\t\t<\/div>\n\t\t<div class=\"elementor-element elementor-element-eeea5e3 e-flex e-con-boxed e-con e-parent\" data-id=\"eeea5e3\" data-element_type=\"container\" data-e-type=\"container\">\n\t\t\t\t\t<div class=\"e-con-inner\">\n\t\t\t\t<div class=\"elementor-element elementor-element-a0e84bb elementor-widget elementor-widget-image\" data-id=\"a0e84bb\" data-element_type=\"widget\" data-e-type=\"widget\" data-widget_type=\"image.default\">\n\t\t\t\t<div class=\"elementor-widget-container\">\n\t\t\t\t\t\t\t\t\t\t\t\t\t\t\t<img loading=\"lazy\" decoding=\"async\" width=\"2000\" height=\"200\" src=\"https:\/\/gatlee.vn\/wp-content\/uploads\/2025\/05\/Thiet-ke-chua-co-ten-1.jpg\" class=\"attachment-full size-full wp-image-303\" alt=\"\" srcset=\"https:\/\/gatlee.vn\/wp-content\/uploads\/2025\/05\/Thiet-ke-chua-co-ten-1.jpg 2000w, https:\/\/gatlee.vn\/wp-content\/uploads\/2025\/05\/Thiet-ke-chua-co-ten-1-300x30.jpg 300w, https:\/\/gatlee.vn\/wp-content\/uploads\/2025\/05\/Thiet-ke-chua-co-ten-1-1024x102.jpg 1024w, https:\/\/gatlee.vn\/wp-content\/uploads\/2025\/05\/Thiet-ke-chua-co-ten-1-768x77.jpg 768w, https:\/\/gatlee.vn\/wp-content\/uploads\/2025\/05\/Thiet-ke-chua-co-ten-1-1536x154.jpg 1536w, https:\/\/gatlee.vn\/wp-content\/uploads\/2025\/05\/Thiet-ke-chua-co-ten-1-1320x132.jpg 1320w, https:\/\/gatlee.vn\/wp-content\/uploads\/2025\/05\/Thiet-ke-chua-co-ten-1-600x60.jpg 600w\" sizes=\"(max-width: 2000px) 100vw, 2000px\" \/>\t\t\t\t\t\t\t\t\t\t\t\t\t\t\t<\/div>\n\t\t\t\t<\/div>\n\t\t\t\t\t<\/div>\n\t\t\t\t<\/div>\n\t\t<div class=\"elementor-element elementor-element-ced34ec e-flex e-con-boxed e-con e-parent\" data-id=\"ced34ec\" data-element_type=\"container\" data-e-type=\"container\">\n\t\t\t\t\t<div class=\"e-con-inner\">\n\t\t\t\t<div class=\"elementor-element elementor-element-bcb4ce2 elementor-widget-divider--view-line elementor-widget elementor-widget-divider\" data-id=\"bcb4ce2\" data-element_type=\"widget\" data-e-type=\"widget\" data-widget_type=\"divider.default\">\n\t\t\t\t<div class=\"elementor-widget-container\">\n\t\t\t\t\t\t\t<div class=\"elementor-divider\">\n\t\t\t<span class=\"elementor-divider-separator\">\n\t\t\t\t\t\t<\/span>\n\t\t<\/div>\n\t\t\t\t\t\t<\/div>\n\t\t\t\t<\/div>\n\t\t\t\t\t<\/div>\n\t\t\t\t<\/div>\n\t\t<div class=\"elementor-element elementor-element-05ac5f2 e-grid e-con-boxed e-con e-parent\" data-id=\"05ac5f2\" data-element_type=\"container\" data-e-type=\"container\">\n\t\t\t\t\t<div class=\"e-con-inner\">\n\t\t\t\t<div class=\"elementor-element elementor-element-ffb4e3c elementor-widget elementor-widget-text-editor\" data-id=\"ffb4e3c\" data-element_type=\"widget\" data-e-type=\"widget\" data-widget_type=\"text-editor.default\">\n\t\t\t\t<div class=\"elementor-widget-container\">\n\t\t\t\t\t\t\t\t\t<p><strong>V\u1ec0 CH\u00daNG T\u00d4I<br \/><br \/><\/strong>CTY TNHH Gatlee<br \/>GCN DKKD:4601612371<br \/>\u0110C: KDT KOSY T.5 Ph\u01b0\u1eddng Gia S\u00e0ng, TP Th\u00e1i Nguy\u00ean, T\u1ec9nh Th\u00e1i Nguy\u00ean<br \/>S\u0110T: 0364-699-000<br \/>Email : Gatleevietnam@gmail.com<br \/>www.gatlee.vn<\/p>\t\t\t\t\t\t\t\t<\/div>\n\t\t\t\t<\/div>\n\t\t\t\t<div class=\"elementor-element elementor-element-ae4cc2a elementor-widget elementor-widget-text-editor\" data-id=\"ae4cc2a\" data-element_type=\"widget\" data-e-type=\"widget\" data-widget_type=\"text-editor.default\">\n\t\t\t\t<div class=\"elementor-widget-container\">\n\t\t\t\t\t\t\t\t\t<p><strong>LI\u00caN H\u1ec6<\/strong><\/p><p><strong>CSKH v\u00e0 B\u1ea3o H\u00e0nh : 0364-699-000<\/strong><br \/><strong>Ph\u1ea3n \u00e1nh, \u0111\u00f3ng g\u00f3p \u00fd ki\u1ebfn : 0968-343-678<br \/><\/strong><a href=\"https:\/\/dichvucong.moit.gov.vn\/HomePage.aspx\"><img loading=\"lazy\" decoding=\"async\" class=\"wp-image-456  alignleft\" src=\"https:\/\/gatlee.vn\/wp-content\/uploads\/2025\/05\/logo-da-thong-bao-bo-cong-thuong-mau-xanh-1-300x114.png\" alt=\"\" width=\"235\" height=\"89\" \/><\/a><\/p>\t\t\t\t\t\t\t\t<\/div>\n\t\t\t\t<\/div>\n\t\t\t\t\t<\/div>\n\t\t\t\t<\/div>\n\t\t\t\t<\/div>\n\t\t","protected":false},"excerpt":{"rendered":"<p>V\u00c0O C\u1eecA H\u00c0NG V\u1ec0 CH\u00daNG T\u00d4I CTY TNHH GatleeGCN DKKD:4601612371\u0110C: KDT KOSY T.5 Ph\u01b0\u1eddng Gia S\u00e0ng, TP Th\u00e1i Nguy\u00ean, T\u1ec9nh [&hellip;]<\/p>\n","protected":false},"author":1,"featured_media":0,"parent":0,"menu_order":0,"comment_status":"closed","ping_status":"closed","template":"","meta":{"site-sidebar-layout":"no-sidebar","site-content-layout":"","ast-site-content-layout":"full-width-container","site-content-style":"default","site-sidebar-style":"default","ast-global-header-display":"","ast-banner-title-visibility":"","ast-main-header-display":"","ast-hfb-above-header-display":"","ast-hfb-below-header-display":"","ast-hfb-mobile-header-display":"","site-post-title":"disabled","ast-breadcrumbs-content":"","ast-featured-img":"disabled","footer-sml-layout":"","ast-disable-related-posts":"","theme-transparent-header-meta":"enabled","adv-header-id-meta":"","stick-header-meta":"","header-above-stick-meta":"","header-main-stick-meta":"","header-below-stick-meta":"","astra-migrate-meta-layouts":"set","ast-page-background-enabled":"default","ast-page-background-meta":{"desktop":{"background-color":"var(--ast-global-color-5)","background-image":"","background-repeat":"repeat","background-position":"center center","background-size":"auto","background-attachment":"scroll","background-type":"","background-media":"","overlay-type":"","overlay-color":"","overlay-opacity":"","overlay-gradient":""},"tablet":{"background-color":"","background-image":"","background-repeat":"repeat","background-position":"center center","background-size":"auto","background-attachment":"scroll","background-type":"","background-media":"","overlay-type":"","overlay-color":"","overlay-opacity":"","overlay-gradient":""},"mobile":{"background-color":"","background-image":"","background-repeat":"repeat","background-position":"center center","background-size":"auto","background-attachment":"scroll","background-type":"","background-media":"","overlay-type":"","overlay-color":"","overlay-opacity":"","overlay-gradient":""}},"ast-content-background-meta":{"desktop":{"background-color":"var(--ast-global-color-4)","background-image":"","background-repeat":"repeat","background-position":"center center","background-size":"auto","background-attachment":"scroll","background-type":"","background-media":"","overlay-type":"","overlay-color":"","overlay-opacity":"","overlay-gradient":""},"tablet":{"background-color":"var(--ast-global-color-4)","background-image":"","background-repeat":"repeat","background-position":"center center","background-size":"auto","background-attachment":"scroll","background-type":"","background-media":"","overlay-type":"","overlay-color":"","overlay-opacity":"","overlay-gradient":""},"mobile":{"background-color":"var(--ast-global-color-4)","background-image":"","background-repeat":"repeat","background-position":"center center","background-size":"auto","background-attachment":"scroll","background-type":"","background-media":"","overlay-type":"","overlay-color":"","overlay-opacity":"","overlay-gradient":""}},"footnotes":""},"class_list":["post-205","page","type-page","status-publish","hentry"],"jetpack_sharing_enabled":true,"_links":{"self":[{"href":"https:\/\/gatlee.vn\/index.php?rest_route=\/wp\/v2\/pages\/205","targetHints":{"allow":["GET"]}}],"collection":[{"href":"https:\/\/gatlee.vn\/index.php?rest_route=\/wp\/v2\/pages"}],"about":[{"href":"https:\/\/gatlee.vn\/index.php?rest_route=\/wp\/v2\/types\/page"}],"author":[{"embeddable":true,"href":"https:\/\/gatlee.vn\/index.php?rest_route=\/wp\/v2\/users\/1"}],"replies":[{"embeddable":true,"href":"https:\/\/gatlee.vn\/index.php?rest_route=%2Fwp%2Fv2%2Fcomments&post=205"}],"version-history":[{"count":90,"href":"https:\/\/gatlee.vn\/index.php?rest_route=\/wp\/v2\/pages\/205\/revisions"}],"predecessor-version":[{"id":468,"href":"https:\/\/gatlee.vn\/index.php?rest_route=\/wp\/v2\/pages\/205\/revisions\/468"}],"wp:attachment":[{"href":"https:\/\/gatlee.vn\/index.php?rest_route=%2Fwp%2Fv2%2Fmedia&parent=205"}],"curies":[{"name":"wp","href":"https:\/\/api.w.org\/{rel}","templated":true}]}}